{"id":1402,"date":"2020-12-21T14:42:44","date_gmt":"2020-12-21T13:42:44","guid":{"rendered":"https:\/\/dev.caveducep.ch\/nos-vins\/vins-blancs\/"},"modified":"2025-10-06T14:53:16","modified_gmt":"2025-10-06T12:53:16","slug":"vins-blancs","status":"publish","type":"page","link":"https:\/\/dev.caveducep.ch\/de\/nos-vins\/vins-blancs\/","title":{"rendered":"Wei\u00dfweine"},"content":{"rendered":"<p>[et_pb_section fb_built=&#8220;1&#8243; admin_label=&#8220;Section&#8220; _builder_version=&#8220;4.16&#8243; width=&#8220;100%&#8220; max_width=&#8220;100%&#8220; custom_padding=&#8220;1vh||0px||false|false&#8220; z_index_tablet=&#8220;500&#8243; locked=&#8220;off&#8220; global_colors_info=&#8220;{}&#8220;][et_pb_row _builder_version=&#8220;4.16&#8243; width=&#8220;100%&#8220; max_width=&#8220;100%&#8220; custom_margin=&#8220;0px||0px||false|false&#8220; custom_padding=&#8220;0px||1vh||false|false&#8220; z_index_tablet=&#8220;500&#8243; global_colors_info=&#8220;{}&#8220;][et_pb_column type=&#8220;4_4&#8243; _builder_version=&#8220;4.16&#8243; global_colors_info=&#8220;{}&#8220;][et_pb_post_title author=&#8220;off&#8220; date=&#8220;off&#8220; comments=&#8220;off&#8220; featured_image=&#8220;off&#8220; _builder_version=&#8220;4.16&#8243; text_orientation=&#8220;center&#8220; z_index_tablet=&#8220;500&#8243; title_text_shadow_horizontal_length_tablet=&#8220;0px&#8220; title_text_shadow_vertical_length_tablet=&#8220;0px&#8220; title_text_shadow_blur_strength_tablet=&#8220;1px&#8220; meta_text_shadow_horizontal_length_tablet=&#8220;0px&#8220; meta_text_shadow_vertical_length_tablet=&#8220;0px&#8220; meta_text_shadow_blur_strength_tablet=&#8220;1px&#8220; box_shadow_horizontal_tablet=&#8220;0px&#8220; box_shadow_vertical_tablet=&#8220;0px&#8220; box_shadow_blur_tablet=&#8220;40px&#8220; box_shadow_spread_tablet=&#8220;0px&#8220; text_shadow_horizontal_length_tablet=&#8220;0px&#8220; text_shadow_vertical_length_tablet=&#8220;0px&#8220; text_shadow_blur_strength_tablet=&#8220;1px&#8220; global_colors_info=&#8220;{}&#8220;][\/et_pb_post_title][\/et_pb_column][\/et_pb_row][\/et_pb_section][et_pb_section fb_built=&#8220;1&#8243; _builder_version=&#8220;4.16&#8243; width=&#8220;100%&#8220; max_width=&#8220;100%&#8220; custom_margin=&#8220;0px||0px||true|false&#8220; custom_padding=&#8220;0px||0px||true|false&#8220; z_index_tablet=&#8220;500&#8243; box_shadow_horizontal_tablet=&#8220;0px&#8220; box_shadow_vertical_tablet=&#8220;0px&#8220; box_shadow_blur_tablet=&#8220;40px&#8220; box_shadow_spread_tablet=&#8220;0px&#8220; global_colors_info=&#8220;{}&#8220;][et_pb_row column_structure=&#8220;1_2,1_2&#8243; use_custom_gutter=&#8220;on&#8220; gutter_width=&#8220;1&#8243; make_equal=&#8220;on&#8220; _builder_version=&#8220;4.16&#8243; background_color=&#8220;#efeae9&#8243; width=&#8220;100%&#8220; max_width=&#8220;100%&#8220; custom_margin=&#8220;0px||0px||false|false&#8220; custom_padding=&#8220;0px||0px||false|false&#8220; z_index_tablet=&#8220;500&#8243; global_colors_info=&#8220;{}&#8220;][et_pb_column type=&#8220;1_2&#8243; _builder_version=&#8220;4.16&#8243; global_colors_info=&#8220;{}&#8220;][et_pb_image src=&#8220;https:\/\/dev.caveducep.ch\/wp-content\/uploads\/2025\/09\/CaveDuCep_PhotosPackshots_Chasselas.jpg&#8220; align=&#8220;center&#8220; force_fullwidth=&#8220;on&#8220; _builder_version=&#8220;4.22.2&#8243; hover_enabled=&#8220;0&#8243; z_index_tablet=&#8220;500&#8243; box_shadow_horizontal_tablet=&#8220;0px&#8220; box_shadow_vertical_tablet=&#8220;0px&#8220; box_shadow_blur_tablet=&#8220;40px&#8220; box_shadow_spread_tablet=&#8220;0px&#8220; global_colors_info=&#8220;{}&#8220; alt=&#8220;Chasselas&#8220; title_text=&#8220;Chasselas&#8220; sticky_enabled=&#8220;0&#8243;][\/et_pb_image][\/et_pb_column][et_pb_column type=&#8220;1_2&#8243; _builder_version=&#8220;4.16&#8243; z_index=&#8220;9&#8243; custom_padding=&#8220;7vh|8vw|7vh|8vw|true|true&#8220; custom_padding_tablet=&#8220;||||true|true&#8220; custom_padding_phone=&#8220;||||true|true&#8220; custom_padding_last_edited=&#8220;on|phone&#8220; background_color_gradient_direction_tablet=&#8220;180deg&#8220; background_color_gradient_direction_phone=&#8220;180deg&#8220; background_color_gradient_stops_tablet=&#8220;#2b87da 0%|#29c4a9 100%&#8220; background_color_gradient_stops_phone=&#8220;#2b87da 0%|#29c4a9 100%&#8220; background_color_gradient_start_position_tablet=&#8220;0%&#8220; background_color_gradient_start_position_phone=&#8220;0%&#8220; background_color_gradient_end_position_tablet=&#8220;100%&#8220; background_color_gradient_end_position_phone=&#8220;100%&#8220; z_index_tablet=&#8220;9&#8243; z_index_phone=&#8220;9&#8243; hover_transition_duration_tablet=&#8220;300ms&#8220; hover_transition_duration_phone=&#8220;300ms&#8220; hover_transition_delay_tablet=&#8220;0ms&#8220; hover_transition_delay_phone=&#8220;0ms&#8220; custom_css_main_element=&#8220;margin:auto;&#8220; disabled=&#8220;%91object HTMLInputElement%93&#8243; global_colors_info=&#8220;{}&#8220;][et_pb_text _builder_version=&#8220;4.16&#8243; z_index_tablet=&#8220;500&#8243; text_text_shadow_horizontal_length_tablet=&#8220;0px&#8220; text_text_shadow_vertical_length_tablet=&#8220;0px&#8220; text_text_shadow_blur_strength_tablet=&#8220;1px&#8220; link_text_shadow_horizontal_length_tablet=&#8220;0px&#8220; link_text_shadow_vertical_length_tablet=&#8220;0px&#8220; link_text_shadow_blur_strength_tablet=&#8220;1px&#8220; ul_text_shadow_horizontal_length_tablet=&#8220;0px&#8220; ul_text_shadow_vertical_length_tablet=&#8220;0px&#8220; ul_text_shadow_blur_strength_tablet=&#8220;1px&#8220; ol_text_shadow_horizontal_length_tablet=&#8220;0px&#8220; ol_text_shadow_vertical_length_tablet=&#8220;0px&#8220; ol_text_shadow_blur_strength_tablet=&#8220;1px&#8220; quote_text_shadow_horizontal_length_tablet=&#8220;0px&#8220; quote_text_shadow_vertical_length_tablet=&#8220;0px&#8220; quote_text_shadow_blur_strength_tablet=&#8220;1px&#8220; header_text_shadow_horizontal_length_tablet=&#8220;0px&#8220; header_text_shadow_vertical_length_tablet=&#8220;0px&#8220; header_text_shadow_blur_strength_tablet=&#8220;1px&#8220; header_2_text_shadow_horizontal_length_tablet=&#8220;0px&#8220; header_2_text_shadow_vertical_length_tablet=&#8220;0px&#8220; header_2_text_shadow_blur_strength_tablet=&#8220;1px&#8220; header_3_text_shadow_horizontal_length_tablet=&#8220;0px&#8220; header_3_text_shadow_vertical_length_tablet=&#8220;0px&#8220; header_3_text_shadow_blur_strength_tablet=&#8220;1px&#8220; header_4_text_shadow_horizontal_length_tablet=&#8220;0px&#8220; header_4_text_shadow_vertical_length_tablet=&#8220;0px&#8220; header_4_text_shadow_blur_strength_tablet=&#8220;1px&#8220; header_5_text_shadow_horizontal_length_tablet=&#8220;0px&#8220; header_5_text_shadow_vertical_length_tablet=&#8220;0px&#8220; header_5_text_shadow_blur_strength_tablet=&#8220;1px&#8220; header_6_text_shadow_horizontal_length_tablet=&#8220;0px&#8220; header_6_text_shadow_vertical_length_tablet=&#8220;0px&#8220; header_6_text_shadow_blur_strength_tablet=&#8220;1px&#8220; box_shadow_horizontal_tablet=&#8220;0px&#8220; box_shadow_vertical_tablet=&#8220;0px&#8220; box_shadow_blur_tablet=&#8220;40px&#8220; box_shadow_spread_tablet=&#8220;0px&#8220; global_colors_info=&#8220;{}&#8220;]<\/p>\n<h3 align=\"left\">Chasselas<\/h3>\n<p style=\"text-align: left;\"><span>Dieser Wein wird aus dem Chasselas hergestellt und ist der Weisswein par excellence.<\/span><br \/><span>Leicht und spritzig wird er oft unter Freunden zum Aperitif getrunken, und eignet sich hervorragend zu S\u00fcsswasserfischen und zum K\u00e4sefondue.<\/span><\/p>\n<p><span>Erh\u00e4ltlich in Flaschen \u00e0 0,5 und 0.75 \u00a0Liter<\/span><\/p>\n<p style=\"text-align: left;\">Auszeichnungen und Medaillen:<\/p>\n<ul>\n<li style=\"text-align: left;\">1994-5-6-7-8-9 Goldmedaille*<\/li>\n<li style=\"text-align: left;\">2000-1-2-3-4-5-6 Goldmedaille*<\/li>\n<li style=\"text-align: left;\">2010 Goldauswahl<\/li>\n<\/ul>\n<p>*Anmerkung: &#8222;gerle&#8220; ist eine Auszeichnung<\/p>\n<p>[\/et_pb_text][\/et_pb_column][\/et_pb_row][\/et_pb_section][et_pb_section fb_built=&#8220;1&#8243; _builder_version=&#8220;4.16&#8243; _module_preset=&#8220;default&#8220; custom_margin=&#8220;0px||0px||true|false&#8220; custom_padding=&#8220;0px||0px||true|false&#8220; global_colors_info=&#8220;{}&#8220;][et_pb_row column_structure=&#8220;1_2,1_2&#8243; use_custom_gutter=&#8220;on&#8220; gutter_width=&#8220;1&#8243; make_equal=&#8220;on&#8220; disabled_on=&#8220;on|on|off&#8220; _builder_version=&#8220;4.16&#8243; background_color=&#8220;#efeae9&#8243; width=&#8220;100%&#8220; max_width=&#8220;100%&#8220; custom_margin=&#8220;0px||0px||true|false&#8220; custom_padding=&#8220;0px||0px|0px|true|false&#8220; z_index_tablet=&#8220;500&#8243; global_colors_info=&#8220;{}&#8220;][et_pb_column type=&#8220;1_2&#8243; _builder_version=&#8220;4.16&#8243; z_index=&#8220;9&#8243; custom_padding=&#8220;7vh|8vw|7vh|8vw|true|true&#8220; custom_padding_tablet=&#8220;||||true|true&#8220; custom_padding_phone=&#8220;||||true|true&#8220; custom_padding_last_edited=&#8220;on|phone&#8220; background_color_gradient_direction_tablet=&#8220;180deg&#8220; background_color_gradient_direction_phone=&#8220;180deg&#8220; background_color_gradient_stops_tablet=&#8220;#2b87da 0%|#29c4a9 100%&#8220; background_color_gradient_stops_phone=&#8220;#2b87da 0%|#29c4a9 100%&#8220; background_color_gradient_start_position_tablet=&#8220;0%&#8220; background_color_gradient_start_position_phone=&#8220;0%&#8220; background_color_gradient_end_position_tablet=&#8220;100%&#8220; background_color_gradient_end_position_phone=&#8220;100%&#8220; z_index_tablet=&#8220;9&#8243; z_index_phone=&#8220;9&#8243; hover_transition_duration_tablet=&#8220;300ms&#8220; hover_transition_duration_phone=&#8220;300ms&#8220; hover_transition_delay_tablet=&#8220;0ms&#8220; hover_transition_delay_phone=&#8220;0ms&#8220; custom_css_main_element=&#8220;margin:auto;&#8220; disabled=&#8220;%91object HTMLInputElement%93&#8243; global_colors_info=&#8220;{}&#8220;][et_pb_text _builder_version=&#8220;4.16&#8243; custom_margin=&#8220;||||false|false&#8220; custom_padding=&#8220;||||false|false&#8220; z_index_tablet=&#8220;500&#8243; text_text_shadow_horizontal_length_tablet=&#8220;0px&#8220; text_text_shadow_vertical_length_tablet=&#8220;0px&#8220; text_text_shadow_blur_strength_tablet=&#8220;1px&#8220; link_text_shadow_horizontal_length_tablet=&#8220;0px&#8220; link_text_shadow_vertical_length_tablet=&#8220;0px&#8220; link_text_shadow_blur_strength_tablet=&#8220;1px&#8220; ul_text_shadow_horizontal_length_tablet=&#8220;0px&#8220; ul_text_shadow_vertical_length_tablet=&#8220;0px&#8220; ul_text_shadow_blur_strength_tablet=&#8220;1px&#8220; ol_text_shadow_horizontal_length_tablet=&#8220;0px&#8220; ol_text_shadow_vertical_length_tablet=&#8220;0px&#8220; ol_text_shadow_blur_strength_tablet=&#8220;1px&#8220; quote_text_shadow_horizontal_length_tablet=&#8220;0px&#8220; quote_text_shadow_vertical_length_tablet=&#8220;0px&#8220; quote_text_shadow_blur_strength_tablet=&#8220;1px&#8220; header_text_shadow_horizontal_length_tablet=&#8220;0px&#8220; header_text_shadow_vertical_length_tablet=&#8220;0px&#8220; header_text_shadow_blur_strength_tablet=&#8220;1px&#8220; header_2_text_shadow_horizontal_length_tablet=&#8220;0px&#8220; header_2_text_shadow_vertical_length_tablet=&#8220;0px&#8220; header_2_text_shadow_blur_strength_tablet=&#8220;1px&#8220; header_3_text_shadow_horizontal_length_tablet=&#8220;0px&#8220; header_3_text_shadow_vertical_length_tablet=&#8220;0px&#8220; header_3_text_shadow_blur_strength_tablet=&#8220;1px&#8220; header_4_text_shadow_horizontal_length_tablet=&#8220;0px&#8220; header_4_text_shadow_vertical_length_tablet=&#8220;0px&#8220; header_4_text_shadow_blur_strength_tablet=&#8220;1px&#8220; header_5_text_shadow_horizontal_length_tablet=&#8220;0px&#8220; header_5_text_shadow_vertical_length_tablet=&#8220;0px&#8220; header_5_text_shadow_blur_strength_tablet=&#8220;1px&#8220; header_6_text_shadow_horizontal_length_tablet=&#8220;0px&#8220; header_6_text_shadow_vertical_length_tablet=&#8220;0px&#8220; header_6_text_shadow_blur_strength_tablet=&#8220;1px&#8220; box_shadow_horizontal_tablet=&#8220;0px&#8220; box_shadow_vertical_tablet=&#8220;0px&#8220; box_shadow_blur_tablet=&#8220;40px&#8220; box_shadow_spread_tablet=&#8220;0px&#8220; global_colors_info=&#8220;{}&#8220;]<\/p>\n<h3 align=\"left\">Unfiltrierter Weisswein<\/h3>\n<p><span>Als j\u00fcngster unter den Neuenburger Weinen wird der unfiltrierte Cave du Cep aus dem Chasselas gewonnen. Die Kenner k\u00f6nnen diese Spezialit\u00e4t schon ab dem dritten Mittwoch im Januar kosten. Dieser Weisse wird durch eine leichte Tr\u00fcbung charakterisiert, die vor dem Servieren durch leichtes Schwenken zur\u00fcckerhalten wird, und so sein einzigartiges Aroma entfalten kann.<\/span><\/p>\n<p><span>Erh\u00e4ltlich in Flaschen \u00e0 0,75 Liter<\/span><\/p>\n<p>[\/et_pb_text][\/et_pb_column][et_pb_column type=&#8220;1_2&#8243; _builder_version=&#8220;4.16&#8243; global_colors_info=&#8220;{}&#8220;][et_pb_image src=&#8220;https:\/\/dev.caveducep.ch\/wp-content\/uploads\/2025\/09\/CaveDuCep_PhotosPackshots_NonFiltre.jpg&#8220; align=&#8220;center&#8220; force_fullwidth=&#8220;on&#8220; _builder_version=&#8220;4.22.2&#8243; hover_enabled=&#8220;0&#8243; z_index_tablet=&#8220;500&#8243; box_shadow_horizontal_tablet=&#8220;0px&#8220; box_shadow_vertical_tablet=&#8220;0px&#8220; box_shadow_blur_tablet=&#8220;40px&#8220; box_shadow_spread_tablet=&#8220;0px&#8220; global_colors_info=&#8220;{}&#8220; alt=&#8220;Non_filtre&#8220; title_text=&#8220;Non Filtre&#8220; sticky_enabled=&#8220;0&#8243;][\/et_pb_image][\/et_pb_column][\/et_pb_row][et_pb_row column_structure=&#8220;1_2,1_2&#8243; use_custom_gutter=&#8220;on&#8220; gutter_width=&#8220;1&#8243; make_equal=&#8220;on&#8220; disabled_on=&#8220;off|off|on&#8220; _builder_version=&#8220;4.16&#8243; background_color=&#8220;#efeae9&#8243; width=&#8220;100%&#8220; max_width=&#8220;100%&#8220; custom_margin=&#8220;0px||0px||true|false&#8220; custom_padding=&#8220;0px||0px|0px|true|false&#8220; z_index_tablet=&#8220;500&#8243; global_colors_info=&#8220;{}&#8220;][et_pb_column type=&#8220;1_2&#8243; _builder_version=&#8220;4.16&#8243; global_colors_info=&#8220;{}&#8220;][et_pb_image src=&#8220;https:\/\/dev.caveducep.ch\/wp-content\/uploads\/2025\/09\/CaveDuCep_PhotosPackshots_NonFiltre.jpg&#8220; align=&#8220;center&#8220; force_fullwidth=&#8220;on&#8220; _builder_version=&#8220;4.22.2&#8243; hover_enabled=&#8220;0&#8243; z_index_tablet=&#8220;500&#8243; box_shadow_horizontal_tablet=&#8220;0px&#8220; box_shadow_vertical_tablet=&#8220;0px&#8220; box_shadow_blur_tablet=&#8220;40px&#8220; box_shadow_spread_tablet=&#8220;0px&#8220; global_colors_info=&#8220;{}&#8220; alt=&#8220;Non_filtre&#8220; title_text=&#8220;Non Filtre&#8220; sticky_enabled=&#8220;0&#8243;][\/et_pb_image][\/et_pb_column][et_pb_column type=&#8220;1_2&#8243; _builder_version=&#8220;4.16&#8243; z_index=&#8220;9&#8243; custom_padding=&#8220;7vh|8vw|7vh|8vw|true|true&#8220; custom_padding_tablet=&#8220;||||true|true&#8220; custom_padding_phone=&#8220;||||true|true&#8220; custom_padding_last_edited=&#8220;on|phone&#8220; background_color_gradient_direction_tablet=&#8220;180deg&#8220; background_color_gradient_direction_phone=&#8220;180deg&#8220; background_color_gradient_stops_tablet=&#8220;#2b87da 0%|#29c4a9 100%&#8220; background_color_gradient_stops_phone=&#8220;#2b87da 0%|#29c4a9 100%&#8220; background_color_gradient_start_position_tablet=&#8220;0%&#8220; background_color_gradient_start_position_phone=&#8220;0%&#8220; background_color_gradient_end_position_tablet=&#8220;100%&#8220; background_color_gradient_end_position_phone=&#8220;100%&#8220; z_index_tablet=&#8220;9&#8243; z_index_phone=&#8220;9&#8243; hover_transition_duration_tablet=&#8220;300ms&#8220; hover_transition_duration_phone=&#8220;300ms&#8220; hover_transition_delay_tablet=&#8220;0ms&#8220; hover_transition_delay_phone=&#8220;0ms&#8220; custom_css_main_element=&#8220;margin:auto;&#8220; disabled=&#8220;%91object HTMLInputElement%93&#8243; global_colors_info=&#8220;{}&#8220;][et_pb_text _builder_version=&#8220;4.16&#8243; custom_margin=&#8220;||||false|false&#8220; custom_padding=&#8220;||||false|false&#8220; z_index_tablet=&#8220;500&#8243; text_text_shadow_horizontal_length_tablet=&#8220;0px&#8220; text_text_shadow_vertical_length_tablet=&#8220;0px&#8220; text_text_shadow_blur_strength_tablet=&#8220;1px&#8220; link_text_shadow_horizontal_length_tablet=&#8220;0px&#8220; link_text_shadow_vertical_length_tablet=&#8220;0px&#8220; link_text_shadow_blur_strength_tablet=&#8220;1px&#8220; ul_text_shadow_horizontal_length_tablet=&#8220;0px&#8220; ul_text_shadow_vertical_length_tablet=&#8220;0px&#8220; ul_text_shadow_blur_strength_tablet=&#8220;1px&#8220; ol_text_shadow_horizontal_length_tablet=&#8220;0px&#8220; ol_text_shadow_vertical_length_tablet=&#8220;0px&#8220; ol_text_shadow_blur_strength_tablet=&#8220;1px&#8220; quote_text_shadow_horizontal_length_tablet=&#8220;0px&#8220; quote_text_shadow_vertical_length_tablet=&#8220;0px&#8220; quote_text_shadow_blur_strength_tablet=&#8220;1px&#8220; header_text_shadow_horizontal_length_tablet=&#8220;0px&#8220; header_text_shadow_vertical_length_tablet=&#8220;0px&#8220; header_text_shadow_blur_strength_tablet=&#8220;1px&#8220; header_2_text_shadow_horizontal_length_tablet=&#8220;0px&#8220; header_2_text_shadow_vertical_length_tablet=&#8220;0px&#8220; header_2_text_shadow_blur_strength_tablet=&#8220;1px&#8220; header_3_text_shadow_horizontal_length_tablet=&#8220;0px&#8220; header_3_text_shadow_vertical_length_tablet=&#8220;0px&#8220; header_3_text_shadow_blur_strength_tablet=&#8220;1px&#8220; header_4_text_shadow_horizontal_length_tablet=&#8220;0px&#8220; header_4_text_shadow_vertical_length_tablet=&#8220;0px&#8220; header_4_text_shadow_blur_strength_tablet=&#8220;1px&#8220; header_5_text_shadow_horizontal_length_tablet=&#8220;0px&#8220; header_5_text_shadow_vertical_length_tablet=&#8220;0px&#8220; header_5_text_shadow_blur_strength_tablet=&#8220;1px&#8220; header_6_text_shadow_horizontal_length_tablet=&#8220;0px&#8220; header_6_text_shadow_vertical_length_tablet=&#8220;0px&#8220; header_6_text_shadow_blur_strength_tablet=&#8220;1px&#8220; box_shadow_horizontal_tablet=&#8220;0px&#8220; box_shadow_vertical_tablet=&#8220;0px&#8220; box_shadow_blur_tablet=&#8220;40px&#8220; box_shadow_spread_tablet=&#8220;0px&#8220; global_colors_info=&#8220;{}&#8220;]<\/p>\n<h3 align=\"left\">Unfiltrierter Weisswein<\/h3>\n<p><span>Als j\u00fcngster unter den Neuenburger Weinen wird der unfiltrierte Cave du Cep aus dem Chasselas gewonnen. Die Kenner k\u00f6nnen diese Spezialit\u00e4t schon ab dem dritten Mittwoch im Januar kosten. Dieser Weisse wird durch eine leichte Tr\u00fcbung charakterisiert, die vor dem Servieren durch leichtes Schwenken zur\u00fcckerhalten wird, und so sein einzigartiges Aroma entfalten kann.<\/span><\/p>\n<p>Erh\u00e4ltlich in Flaschen von 0,75 Liter<\/p>\n<p>[\/et_pb_text][\/et_pb_column][\/et_pb_row][\/et_pb_section]<\/p>\n","protected":false},"excerpt":{"rendered":"<p>Chasselas Dieser Wein wird aus dem Chasselas hergestellt und ist der Weisswein par excellence.Leicht und spritzig wird er oft unter Freunden zum Aperitif getrunken, und eignet sich hervorragend zu S\u00fcsswasserfischen und zum K\u00e4sefondue.Erh\u00e4ltlich in Flaschen \u00e0 0,5 und 0.75 \u00a0Liter Auszeichnungen und Medaillen: 1994-5-6-7-8-9 Goldmedaille* 2000-1-2-3-4-5-6 Goldmedaille* 2010 Goldauswahl *Anmerkung: &#8222;gerle&#8220; ist eine AuszeichnungUnfiltrierter Weisswein [&hellip;]<\/p>\n","protected":false},"author":1,"featured_media":0,"parent":1395,"menu_order":0,"comment_status":"closed","ping_status":"closed","template":"","meta":{"_et_pb_use_builder":"on","_et_pb_old_content":"","_et_gb_content_width":"","footnotes":""},"class_list":["post-1402","page","type-page","status-publish","hentry"],"yoast_head":"<!-- This site is optimized with the Yoast SEO plugin v26.1.1 - https:\/\/yoast.com\/wordpress\/plugins\/seo\/ -->\n<title>Wei\u00dfweine - Cave du Cep<\/title>\n<meta name=\"robots\" content=\"noindex, follow, max-snippet:-1, max-image-preview:large, max-video-preview:-1\" \/>\n<meta property=\"og:locale\" content=\"de_DE\" \/>\n<meta property=\"og:type\" content=\"article\" \/>\n<meta property=\"og:title\" content=\"Wei\u00dfweine - Cave du Cep\" \/>\n<meta property=\"og:description\" content=\"Chasselas Dieser Wein wird aus dem Chasselas hergestellt und ist der Weisswein par excellence.Leicht und spritzig wird er oft unter Freunden zum Aperitif getrunken, und eignet sich hervorragend zu S\u00fcsswasserfischen und zum K\u00e4sefondue.Erh\u00e4ltlich in Flaschen \u00e0 0,5 und 0.75 \u00a0Liter Auszeichnungen und Medaillen: 1994-5-6-7-8-9 Goldmedaille* 2000-1-2-3-4-5-6 Goldmedaille* 2010 Goldauswahl *Anmerkung: &quot;gerle&quot; ist eine AuszeichnungUnfiltrierter Weisswein [&hellip;]\" \/>\n<meta property=\"og:url\" content=\"https:\/\/dev.caveducep.ch\/nos-vins\/vins-blancs\/\" \/>\n<meta property=\"og:site_name\" content=\"Cave du Cep\" \/>\n<meta property=\"article:publisher\" content=\"https:\/\/www.facebook.com\/caveducep\/\" \/>\n<meta property=\"article:modified_time\" content=\"2025-10-06T12:53:16+00:00\" \/>\n<meta name=\"twitter:card\" content=\"summary_large_image\" \/>\n<meta name=\"twitter:label1\" content=\"Gesch\u00e4tzte Lesezeit\" \/>\n\t<meta name=\"twitter:data1\" content=\"3\u00a0Minuten\" \/>\n<script type=\"application\/ld+json\" class=\"yoast-schema-graph\">{\"@context\":\"https:\/\/schema.org\",\"@graph\":[{\"@type\":\"WebPage\",\"@id\":\"https:\/\/dev.caveducep.ch\/nos-vins\/vins-blancs\/\",\"url\":\"https:\/\/dev.caveducep.ch\/nos-vins\/vins-blancs\/\",\"name\":\"Wei\u00dfweine - Cave du Cep\",\"isPartOf\":{\"@id\":\"https:\/\/dev.caveducep.ch\/#website\"},\"datePublished\":\"2020-12-21T13:42:44+00:00\",\"dateModified\":\"2025-10-06T12:53:16+00:00\",\"breadcrumb\":{\"@id\":\"https:\/\/dev.caveducep.ch\/nos-vins\/vins-blancs\/#breadcrumb\"},\"inLanguage\":\"de\",\"potentialAction\":[{\"@type\":\"ReadAction\",\"target\":[\"https:\/\/dev.caveducep.ch\/nos-vins\/vins-blancs\/\"]}]},{\"@type\":\"BreadcrumbList\",\"@id\":\"https:\/\/dev.caveducep.ch\/nos-vins\/vins-blancs\/#breadcrumb\",\"itemListElement\":[{\"@type\":\"ListItem\",\"position\":1,\"name\":\"Accueil\",\"item\":\"https:\/\/dev.caveducep.ch\/\"},{\"@type\":\"ListItem\",\"position\":2,\"name\":\"Unsere Weine\",\"item\":\"https:\/\/dev.caveducep.ch\/nos-vins\/\"},{\"@type\":\"ListItem\",\"position\":3,\"name\":\"Wei\u00dfweine\"}]},{\"@type\":\"WebSite\",\"@id\":\"https:\/\/dev.caveducep.ch\/#website\",\"url\":\"https:\/\/dev.caveducep.ch\/\",\"name\":\"Cave du Cep\",\"description\":\"\",\"potentialAction\":[{\"@type\":\"SearchAction\",\"target\":{\"@type\":\"EntryPoint\",\"urlTemplate\":\"https:\/\/dev.caveducep.ch\/?s={search_term_string}\"},\"query-input\":{\"@type\":\"PropertyValueSpecification\",\"valueRequired\":true,\"valueName\":\"search_term_string\"}}],\"inLanguage\":\"de\"}]}<\/script>\n<!-- \/ Yoast SEO plugin. -->","yoast_head_json":{"title":"Wei\u00dfweine - Cave du Cep","robots":{"index":"noindex","follow":"follow","max-snippet":"max-snippet:-1","max-image-preview":"max-image-preview:large","max-video-preview":"max-video-preview:-1"},"og_locale":"de_DE","og_type":"article","og_title":"Wei\u00dfweine - Cave du Cep","og_description":"Chasselas Dieser Wein wird aus dem Chasselas hergestellt und ist der Weisswein par excellence.Leicht und spritzig wird er oft unter Freunden zum Aperitif getrunken, und eignet sich hervorragend zu S\u00fcsswasserfischen und zum K\u00e4sefondue.Erh\u00e4ltlich in Flaschen \u00e0 0,5 und 0.75 \u00a0Liter Auszeichnungen und Medaillen: 1994-5-6-7-8-9 Goldmedaille* 2000-1-2-3-4-5-6 Goldmedaille* 2010 Goldauswahl *Anmerkung: \"gerle\" ist eine AuszeichnungUnfiltrierter Weisswein [&hellip;]","og_url":"https:\/\/dev.caveducep.ch\/nos-vins\/vins-blancs\/","og_site_name":"Cave du Cep","article_publisher":"https:\/\/www.facebook.com\/caveducep\/","article_modified_time":"2025-10-06T12:53:16+00:00","twitter_card":"summary_large_image","twitter_misc":{"Gesch\u00e4tzte Lesezeit":"3\u00a0Minuten"},"schema":{"@context":"https:\/\/schema.org","@graph":[{"@type":"WebPage","@id":"https:\/\/dev.caveducep.ch\/nos-vins\/vins-blancs\/","url":"https:\/\/dev.caveducep.ch\/nos-vins\/vins-blancs\/","name":"Wei\u00dfweine - Cave du Cep","isPartOf":{"@id":"https:\/\/dev.caveducep.ch\/#website"},"datePublished":"2020-12-21T13:42:44+00:00","dateModified":"2025-10-06T12:53:16+00:00","breadcrumb":{"@id":"https:\/\/dev.caveducep.ch\/nos-vins\/vins-blancs\/#breadcrumb"},"inLanguage":"de","potentialAction":[{"@type":"ReadAction","target":["https:\/\/dev.caveducep.ch\/nos-vins\/vins-blancs\/"]}]},{"@type":"BreadcrumbList","@id":"https:\/\/dev.caveducep.ch\/nos-vins\/vins-blancs\/#breadcrumb","itemListElement":[{"@type":"ListItem","position":1,"name":"Accueil","item":"https:\/\/dev.caveducep.ch\/"},{"@type":"ListItem","position":2,"name":"Unsere Weine","item":"https:\/\/dev.caveducep.ch\/nos-vins\/"},{"@type":"ListItem","position":3,"name":"Wei\u00dfweine"}]},{"@type":"WebSite","@id":"https:\/\/dev.caveducep.ch\/#website","url":"https:\/\/dev.caveducep.ch\/","name":"Cave du Cep","description":"","potentialAction":[{"@type":"SearchAction","target":{"@type":"EntryPoint","urlTemplate":"https:\/\/dev.caveducep.ch\/?s={search_term_string}"},"query-input":{"@type":"PropertyValueSpecification","valueRequired":true,"valueName":"search_term_string"}}],"inLanguage":"de"}]}},"_links":{"self":[{"href":"https:\/\/dev.caveducep.ch\/de\/wp-json\/wp\/v2\/pages\/1402","targetHints":{"allow":["GET"]}}],"collection":[{"href":"https:\/\/dev.caveducep.ch\/de\/wp-json\/wp\/v2\/pages"}],"about":[{"href":"https:\/\/dev.caveducep.ch\/de\/wp-json\/wp\/v2\/types\/page"}],"author":[{"embeddable":true,"href":"https:\/\/dev.caveducep.ch\/de\/wp-json\/wp\/v2\/users\/1"}],"replies":[{"embeddable":true,"href":"https:\/\/dev.caveducep.ch\/de\/wp-json\/wp\/v2\/comments?post=1402"}],"version-history":[{"count":7,"href":"https:\/\/dev.caveducep.ch\/de\/wp-json\/wp\/v2\/pages\/1402\/revisions"}],"predecessor-version":[{"id":1850,"href":"https:\/\/dev.caveducep.ch\/de\/wp-json\/wp\/v2\/pages\/1402\/revisions\/1850"}],"up":[{"embeddable":true,"href":"https:\/\/dev.caveducep.ch\/de\/wp-json\/wp\/v2\/pages\/1395"}],"wp:attachment":[{"href":"https:\/\/dev.caveducep.ch\/de\/wp-json\/wp\/v2\/media?parent=1402"}],"curies":[{"name":"wp","href":"https:\/\/api.w.org\/{rel}","templated":true}]}}