{"id":1280,"date":"2020-01-15T15:38:49","date_gmt":"2020-01-15T14:38:49","guid":{"rendered":"https:\/\/dev.caveducep.ch\/?page_id=1280"},"modified":"2022-02-02T20:28:31","modified_gmt":"2022-02-02T19:28:31","slug":"tagebuch","status":"publish","type":"page","link":"https:\/\/dev.caveducep.ch\/de\/tagebuch\/","title":{"rendered":"Tagebuch"},"content":{"rendered":"<p>[et_pb_section fb_built=&#8220;1&#8243; _builder_version=&#8220;3.29.3&#8243; width=&#8220;100%&#8220; max_width=&#8220;100%&#8220; custom_padding=&#8220;1vh||0px||false|false&#8220; z_index_tablet=&#8220;500&#8243; global_colors_info=&#8220;{}&#8220;][et_pb_row _builder_version=&#8220;3.29.3&#8243; width=&#8220;100%&#8220; max_width=&#8220;100%&#8220; custom_margin=&#8220;0px||0px||false|false&#8220; custom_padding=&#8220;0px||1vh||false|false&#8220; z_index_tablet=&#8220;500&#8243; global_colors_info=&#8220;{}&#8220;][et_pb_column type=&#8220;4_4&#8243; _builder_version=&#8220;3.29.3&#8243; global_colors_info=&#8220;{}&#8220;][et_pb_post_title author=&#8220;off&#8220; date=&#8220;off&#8220; comments=&#8220;off&#8220; featured_image=&#8220;off&#8220; _builder_version=&#8220;3.29.3&#8243; text_orientation=&#8220;center&#8220; z_index_tablet=&#8220;500&#8243; title_text_shadow_horizontal_length_tablet=&#8220;0px&#8220; title_text_shadow_vertical_length_tablet=&#8220;0px&#8220; title_text_shadow_blur_strength_tablet=&#8220;1px&#8220; meta_text_shadow_horizontal_length_tablet=&#8220;0px&#8220; meta_text_shadow_vertical_length_tablet=&#8220;0px&#8220; meta_text_shadow_blur_strength_tablet=&#8220;1px&#8220; box_shadow_horizontal_tablet=&#8220;0px&#8220; box_shadow_vertical_tablet=&#8220;0px&#8220; box_shadow_blur_tablet=&#8220;40px&#8220; box_shadow_spread_tablet=&#8220;0px&#8220; text_shadow_horizontal_length_tablet=&#8220;0px&#8220; text_shadow_vertical_length_tablet=&#8220;0px&#8220; text_shadow_blur_strength_tablet=&#8220;1px&#8220; global_colors_info=&#8220;{}&#8220;]<\/p>\n<p>[\/et_pb_post_title][\/et_pb_column][\/et_pb_row][et_pb_row column_structure=&#8220;1_2,1_2&#8243; use_custom_gutter=&#8220;on&#8220; gutter_width=&#8220;1&#8243; make_equal=&#8220;on&#8220; disabled_on=&#8220;on|on|off&#8220; _builder_version=&#8220;4.11.1&#8243; background_color=&#8220;#efeae9&#8243; width=&#8220;100%&#8220; max_width=&#8220;100%&#8220; custom_padding=&#8220;0px||0px||false|false&#8220; z_index_tablet=&#8220;500&#8243; box_shadow_horizontal_tablet=&#8220;0px&#8220; box_shadow_vertical_tablet=&#8220;0px&#8220; box_shadow_blur_tablet=&#8220;40px&#8220; box_shadow_spread_tablet=&#8220;0px&#8220; global_colors_info=&#8220;{}&#8220;][et_pb_column type=&#8220;1_2&#8243; _builder_version=&#8220;4.11.1&#8243; z_index=&#8220;9&#8243; custom_padding=&#8220;1vh|8vw|1vh|8vw|true|true&#8220; custom_padding_tablet=&#8220;3vh||1vh||false|true&#8220; custom_padding_phone=&#8220;&#8220; custom_padding_last_edited=&#8220;on|phone&#8220; background_color_gradient_direction_tablet=&#8220;180deg&#8220; background_color_gradient_direction_phone=&#8220;180deg&#8220; background_color_gradient_start_position_tablet=&#8220;0%&#8220; background_color_gradient_start_position_phone=&#8220;0%&#8220; background_color_gradient_end_position_tablet=&#8220;100%&#8220; background_color_gradient_end_position_phone=&#8220;100%&#8220; z_index_tablet=&#8220;9&#8243; z_index_phone=&#8220;9&#8243; filter_hue_rotate_tablet=&#8220;0deg&#8220; filter_hue_rotate_phone=&#8220;0deg&#8220; filter_saturate_tablet=&#8220;100%&#8220; filter_saturate_phone=&#8220;100%&#8220; filter_brightness_tablet=&#8220;100%&#8220; filter_brightness_phone=&#8220;100%&#8220; filter_contrast_tablet=&#8220;100%&#8220; filter_contrast_phone=&#8220;100%&#8220; filter_invert_tablet=&#8220;0%&#8220; filter_invert_phone=&#8220;0%&#8220; filter_sepia_tablet=&#8220;0%&#8220; filter_sepia_phone=&#8220;0%&#8220; filter_opacity_tablet=&#8220;100%&#8220; filter_opacity_phone=&#8220;100%&#8220; filter_blur_tablet=&#8220;0px&#8220; filter_blur_phone=&#8220;0px&#8220; animation_duration_tablet=&#8220;1000ms&#8220; animation_duration_phone=&#8220;1000ms&#8220; animation_delay_tablet=&#8220;0ms&#8220; animation_delay_phone=&#8220;0ms&#8220; animation_intensity_slide_tablet=&#8220;50%&#8220; animation_intensity_slide_phone=&#8220;50%&#8220; animation_intensity_zoom_tablet=&#8220;50%&#8220; animation_intensity_zoom_phone=&#8220;50%&#8220; animation_intensity_flip_tablet=&#8220;50%&#8220; animation_intensity_flip_phone=&#8220;50%&#8220; animation_intensity_fold_tablet=&#8220;50%&#8220; animation_intensity_fold_phone=&#8220;50%&#8220; animation_intensity_roll_tablet=&#8220;50%&#8220; animation_intensity_roll_phone=&#8220;50%&#8220; animation_starting_opacity_tablet=&#8220;0%&#8220; animation_starting_opacity_phone=&#8220;0%&#8220; hover_transition_duration_tablet=&#8220;300ms&#8220; hover_transition_duration_phone=&#8220;300ms&#8220; hover_transition_delay_tablet=&#8220;0ms&#8220; hover_transition_delay_phone=&#8220;0ms&#8220; custom_css_main_element=&#8220;margin:auto;&#8220; box_shadow_horizontal_tablet=&#8220;0px&#8220; box_shadow_horizontal_phone=&#8220;0px&#8220; box_shadow_vertical_tablet=&#8220;0px&#8220; box_shadow_vertical_phone=&#8220;0px&#8220; box_shadow_blur_tablet=&#8220;40px&#8220; box_shadow_blur_phone=&#8220;40px&#8220; box_shadow_spread_tablet=&#8220;0px&#8220; box_shadow_spread_phone=&#8220;0px&#8220; disabled=&#8220;%91object HTMLInputElement%93&#8243; global_colors_info=&#8220;{}&#8220;][et_pb_text _builder_version=&#8220;4.11.1&#8243; global_colors_info=&#8220;{}&#8220;]&nbsp;<\/p>\n<p>15 janvier 2020 Pr\u00e9sentation du non filtr\u00e9 Neuch\u00e2tel<\/p>\n<p>16 janvier 2020 Pr\u00e9sentation du non filtr\u00e9 Chaux-de-Fonds<\/p>\n<p>23 janvier 2020 Ballade troublante, Cortaillod<\/p>\n<p>avril nos portes-ouvertes<\/p>\n<p>7-8 mai 2020 Caves ouvertes neuch\u00e2teloises<\/p>\n<p>Pr\u00e9sentation de l&#8217;oeil de perdrix<\/p>\n<p>Pr\u00e9sentation du Pinot Pinot noir[\/et_pb_text][\/et_pb_column][et_pb_column type=&#8220;1_2&#8243; _builder_version=&#8220;3.29.3&#8243; global_colors_info=&#8220;{}&#8220;][et_pb_image src=&#8220;https:\/\/dev.caveducep.ch\/wp-content\/uploads\/2021\/11\/IMG-20191016-WA0000_3.jpg&#8220; title_text=&#8220;Agenda&#8220; align=&#8220;center&#8220; force_fullwidth=&#8220;on&#8220; _builder_version=&#8220;4.11.1&#8243; module_alignment=&#8220;center&#8220; z_index_tablet=&#8220;500&#8243; box_shadow_horizontal_tablet=&#8220;0px&#8220; box_shadow_vertical_tablet=&#8220;0px&#8220; box_shadow_blur_tablet=&#8220;40px&#8220; box_shadow_spread_tablet=&#8220;0px&#8220; global_colors_info=&#8220;{}&#8220;]<\/p>\n<p>[\/et_pb_image][\/et_pb_column][\/et_pb_row][et_pb_row column_structure=&#8220;1_2,1_2&#8243; use_custom_gutter=&#8220;on&#8220; gutter_width=&#8220;1&#8243; make_equal=&#8220;on&#8220; disabled_on=&#8220;off|off|on&#8220; _builder_version=&#8220;4.11.1&#8243; background_color=&#8220;#efeae9&#8243; width=&#8220;100%&#8220; max_width=&#8220;100%&#8220; custom_padding=&#8220;0px||0px||false|false&#8220; z_index_tablet=&#8220;500&#8243; box_shadow_horizontal_tablet=&#8220;0px&#8220; box_shadow_vertical_tablet=&#8220;0px&#8220; box_shadow_blur_tablet=&#8220;40px&#8220; box_shadow_spread_tablet=&#8220;0px&#8220; global_colors_info=&#8220;{}&#8220;][et_pb_column type=&#8220;1_2&#8243; _builder_version=&#8220;3.29.3&#8243; global_colors_info=&#8220;{}&#8220;][et_pb_image src=&#8220;https:\/\/dev.caveducep.ch\/wp-content\/uploads\/2021\/11\/IMG-20191016-WA0000_2.jpg&#8220; title_text=&#8220;Agenda&#8220; align=&#8220;center&#8220; force_fullwidth=&#8220;on&#8220; _builder_version=&#8220;4.11.1&#8243; module_alignment=&#8220;center&#8220; z_index_tablet=&#8220;500&#8243; box_shadow_horizontal_tablet=&#8220;0px&#8220; box_shadow_vertical_tablet=&#8220;0px&#8220; box_shadow_blur_tablet=&#8220;40px&#8220; box_shadow_spread_tablet=&#8220;0px&#8220; global_colors_info=&#8220;{}&#8220;]<\/p>\n<p>[\/et_pb_image][\/et_pb_column][et_pb_column type=&#8220;1_2&#8243; _builder_version=&#8220;4.11.1&#8243; z_index=&#8220;9&#8243; custom_padding=&#8220;1vh|8vw|1vh|8vw|true|true&#8220; custom_padding_tablet=&#8220;3vh||3vh||false|true&#8220; custom_padding_phone=&#8220;2vh||2vh||false|true&#8220; custom_padding_last_edited=&#8220;on|phone&#8220; background_color_gradient_direction_tablet=&#8220;180deg&#8220; background_color_gradient_direction_phone=&#8220;180deg&#8220; background_color_gradient_start_position_tablet=&#8220;0%&#8220; background_color_gradient_start_position_phone=&#8220;0%&#8220; background_color_gradient_end_position_tablet=&#8220;100%&#8220; background_color_gradient_end_position_phone=&#8220;100%&#8220; z_index_tablet=&#8220;9&#8243; z_index_phone=&#8220;9&#8243; filter_hue_rotate_tablet=&#8220;0deg&#8220; filter_hue_rotate_phone=&#8220;0deg&#8220; filter_saturate_tablet=&#8220;100%&#8220; filter_saturate_phone=&#8220;100%&#8220; filter_brightness_tablet=&#8220;100%&#8220; filter_brightness_phone=&#8220;100%&#8220; filter_contrast_tablet=&#8220;100%&#8220; filter_contrast_phone=&#8220;100%&#8220; filter_invert_tablet=&#8220;0%&#8220; filter_invert_phone=&#8220;0%&#8220; filter_sepia_tablet=&#8220;0%&#8220; filter_sepia_phone=&#8220;0%&#8220; filter_opacity_tablet=&#8220;100%&#8220; filter_opacity_phone=&#8220;100%&#8220; filter_blur_tablet=&#8220;0px&#8220; filter_blur_phone=&#8220;0px&#8220; animation_duration_tablet=&#8220;1000ms&#8220; animation_duration_phone=&#8220;1000ms&#8220; animation_delay_tablet=&#8220;0ms&#8220; animation_delay_phone=&#8220;0ms&#8220; animation_intensity_slide_tablet=&#8220;50%&#8220; animation_intensity_slide_phone=&#8220;50%&#8220; animation_intensity_zoom_tablet=&#8220;50%&#8220; animation_intensity_zoom_phone=&#8220;50%&#8220; animation_intensity_flip_tablet=&#8220;50%&#8220; animation_intensity_flip_phone=&#8220;50%&#8220; animation_intensity_fold_tablet=&#8220;50%&#8220; animation_intensity_fold_phone=&#8220;50%&#8220; animation_intensity_roll_tablet=&#8220;50%&#8220; animation_intensity_roll_phone=&#8220;50%&#8220; animation_starting_opacity_tablet=&#8220;0%&#8220; animation_starting_opacity_phone=&#8220;0%&#8220; hover_transition_duration_tablet=&#8220;300ms&#8220; hover_transition_duration_phone=&#8220;300ms&#8220; hover_transition_delay_tablet=&#8220;0ms&#8220; hover_transition_delay_phone=&#8220;0ms&#8220; custom_css_main_element=&#8220;margin:auto;&#8220; box_shadow_horizontal_tablet=&#8220;0px&#8220; box_shadow_horizontal_phone=&#8220;0px&#8220; box_shadow_vertical_tablet=&#8220;0px&#8220; box_shadow_vertical_phone=&#8220;0px&#8220; box_shadow_blur_tablet=&#8220;40px&#8220; box_shadow_blur_phone=&#8220;40px&#8220; box_shadow_spread_tablet=&#8220;0px&#8220; box_shadow_spread_phone=&#8220;0px&#8220; disabled=&#8220;%91object HTMLInputElement%93&#8243; global_colors_info=&#8220;{}&#8220;][et_pb_text _builder_version=&#8220;4.11.1&#8243; custom_padding=&#8220;2vh||2vh||true|false&#8220; global_colors_info=&#8220;{}&#8220;]15 janvier 2020 Pr\u00e9sentation du non filtr\u00e9 Neuch\u00e2tel<\/p>\n<p>16 janvier 2020 Pr\u00e9sentation du non filtr\u00e9 Chaux-de-Fonds<\/p>\n<p>23 janvier 2020 Ballade troublante, Cortaillod<\/p>\n<p>avril nos portes-ouvertes<\/p>\n<p>7-8 mai 2020 Caves ouvertes neuch\u00e2teloises<\/p>\n<p>Pr\u00e9sentation de l&#8217;oeil de perdrix<\/p>\n<p>Pr\u00e9sentation du Pinot Pinot noir[\/et_pb_text][\/et_pb_column][\/et_pb_row][\/et_pb_section]<\/p>\n","protected":false},"excerpt":{"rendered":"<p>&nbsp; 15 janvier 2020 Pr\u00e9sentation du non filtr\u00e9 Neuch\u00e2tel 16 janvier 2020 Pr\u00e9sentation du non filtr\u00e9 Chaux-de-Fonds 23 janvier 2020 Ballade troublante, Cortaillod avril nos portes-ouvertes 7-8 mai 2020 Caves ouvertes neuch\u00e2teloises Pr\u00e9sentation de l&#8217;oeil de perdrix Pr\u00e9sentation du Pinot Pinot noir 15 janvier 2020 Pr\u00e9sentation du non filtr\u00e9 Neuch\u00e2tel 16 janvier 2020 Pr\u00e9sentation du [&hellip;]<\/p>\n","protected":false},"author":1,"featured_media":0,"parent":0,"menu_order":0,"comment_status":"closed","ping_status":"closed","template":"","meta":{"_et_pb_use_builder":"on","_et_pb_old_content":"","_et_gb_content_width":"","footnotes":""},"class_list":["post-1280","page","type-page","status-publish","hentry"],"yoast_head":"<!-- This site is optimized with the Yoast SEO plugin v26.1.1 - https:\/\/yoast.com\/wordpress\/plugins\/seo\/ -->\n<title>Tagebuch - Cave du Cep<\/title>\n<meta name=\"robots\" content=\"noindex, follow, max-snippet:-1, max-image-preview:large, max-video-preview:-1\" \/>\n<meta property=\"og:locale\" content=\"de_DE\" \/>\n<meta property=\"og:type\" content=\"article\" \/>\n<meta property=\"og:title\" content=\"Tagebuch - Cave du Cep\" \/>\n<meta property=\"og:description\" content=\"&nbsp; 15 janvier 2020 Pr\u00e9sentation du non filtr\u00e9 Neuch\u00e2tel 16 janvier 2020 Pr\u00e9sentation du non filtr\u00e9 Chaux-de-Fonds 23 janvier 2020 Ballade troublante, Cortaillod avril nos portes-ouvertes 7-8 mai 2020 Caves ouvertes neuch\u00e2teloises Pr\u00e9sentation de l&#039;oeil de perdrix Pr\u00e9sentation du Pinot Pinot noir 15 janvier 2020 Pr\u00e9sentation du non filtr\u00e9 Neuch\u00e2tel 16 janvier 2020 Pr\u00e9sentation du [&hellip;]\" \/>\n<meta property=\"og:url\" content=\"https:\/\/dev.caveducep.ch\/de\/tagebuch\/\" \/>\n<meta property=\"og:site_name\" content=\"Cave du Cep\" \/>\n<meta property=\"article:publisher\" content=\"https:\/\/www.facebook.com\/caveducep\/\" \/>\n<meta property=\"article:modified_time\" content=\"2022-02-02T19:28:31+00:00\" \/>\n<meta name=\"twitter:card\" content=\"summary_large_image\" \/>\n<meta name=\"twitter:label1\" content=\"Gesch\u00e4tzte Lesezeit\" \/>\n\t<meta name=\"twitter:data1\" content=\"5\u00a0Minuten\" \/>\n<script type=\"application\/ld+json\" class=\"yoast-schema-graph\">{\"@context\":\"https:\/\/schema.org\",\"@graph\":[{\"@type\":\"WebPage\",\"@id\":\"https:\/\/dev.caveducep.ch\/de\/tagebuch\/\",\"url\":\"https:\/\/dev.caveducep.ch\/de\/tagebuch\/\",\"name\":\"Tagebuch - Cave du Cep\",\"isPartOf\":{\"@id\":\"https:\/\/dev.caveducep.ch\/#website\"},\"datePublished\":\"2020-01-15T14:38:49+00:00\",\"dateModified\":\"2022-02-02T19:28:31+00:00\",\"breadcrumb\":{\"@id\":\"https:\/\/dev.caveducep.ch\/de\/tagebuch\/#breadcrumb\"},\"inLanguage\":\"de\",\"potentialAction\":[{\"@type\":\"ReadAction\",\"target\":[\"https:\/\/dev.caveducep.ch\/de\/tagebuch\/\"]}]},{\"@type\":\"BreadcrumbList\",\"@id\":\"https:\/\/dev.caveducep.ch\/de\/tagebuch\/#breadcrumb\",\"itemListElement\":[{\"@type\":\"ListItem\",\"position\":1,\"name\":\"Accueil\",\"item\":\"https:\/\/dev.caveducep.ch\/\"},{\"@type\":\"ListItem\",\"position\":2,\"name\":\"Tagebuch\"}]},{\"@type\":\"WebSite\",\"@id\":\"https:\/\/dev.caveducep.ch\/#website\",\"url\":\"https:\/\/dev.caveducep.ch\/\",\"name\":\"Cave du Cep\",\"description\":\"\",\"potentialAction\":[{\"@type\":\"SearchAction\",\"target\":{\"@type\":\"EntryPoint\",\"urlTemplate\":\"https:\/\/dev.caveducep.ch\/?s={search_term_string}\"},\"query-input\":{\"@type\":\"PropertyValueSpecification\",\"valueRequired\":true,\"valueName\":\"search_term_string\"}}],\"inLanguage\":\"de\"}]}<\/script>\n<!-- \/ Yoast SEO plugin. -->","yoast_head_json":{"title":"Tagebuch - Cave du Cep","robots":{"index":"noindex","follow":"follow","max-snippet":"max-snippet:-1","max-image-preview":"max-image-preview:large","max-video-preview":"max-video-preview:-1"},"og_locale":"de_DE","og_type":"article","og_title":"Tagebuch - Cave du Cep","og_description":"&nbsp; 15 janvier 2020 Pr\u00e9sentation du non filtr\u00e9 Neuch\u00e2tel 16 janvier 2020 Pr\u00e9sentation du non filtr\u00e9 Chaux-de-Fonds 23 janvier 2020 Ballade troublante, Cortaillod avril nos portes-ouvertes 7-8 mai 2020 Caves ouvertes neuch\u00e2teloises Pr\u00e9sentation de l'oeil de perdrix Pr\u00e9sentation du Pinot Pinot noir 15 janvier 2020 Pr\u00e9sentation du non filtr\u00e9 Neuch\u00e2tel 16 janvier 2020 Pr\u00e9sentation du [&hellip;]","og_url":"https:\/\/dev.caveducep.ch\/de\/tagebuch\/","og_site_name":"Cave du Cep","article_publisher":"https:\/\/www.facebook.com\/caveducep\/","article_modified_time":"2022-02-02T19:28:31+00:00","twitter_card":"summary_large_image","twitter_misc":{"Gesch\u00e4tzte Lesezeit":"5\u00a0Minuten"},"schema":{"@context":"https:\/\/schema.org","@graph":[{"@type":"WebPage","@id":"https:\/\/dev.caveducep.ch\/de\/tagebuch\/","url":"https:\/\/dev.caveducep.ch\/de\/tagebuch\/","name":"Tagebuch - Cave du Cep","isPartOf":{"@id":"https:\/\/dev.caveducep.ch\/#website"},"datePublished":"2020-01-15T14:38:49+00:00","dateModified":"2022-02-02T19:28:31+00:00","breadcrumb":{"@id":"https:\/\/dev.caveducep.ch\/de\/tagebuch\/#breadcrumb"},"inLanguage":"de","potentialAction":[{"@type":"ReadAction","target":["https:\/\/dev.caveducep.ch\/de\/tagebuch\/"]}]},{"@type":"BreadcrumbList","@id":"https:\/\/dev.caveducep.ch\/de\/tagebuch\/#breadcrumb","itemListElement":[{"@type":"ListItem","position":1,"name":"Accueil","item":"https:\/\/dev.caveducep.ch\/"},{"@type":"ListItem","position":2,"name":"Tagebuch"}]},{"@type":"WebSite","@id":"https:\/\/dev.caveducep.ch\/#website","url":"https:\/\/dev.caveducep.ch\/","name":"Cave du Cep","description":"","potentialAction":[{"@type":"SearchAction","target":{"@type":"EntryPoint","urlTemplate":"https:\/\/dev.caveducep.ch\/?s={search_term_string}"},"query-input":{"@type":"PropertyValueSpecification","valueRequired":true,"valueName":"search_term_string"}}],"inLanguage":"de"}]}},"_links":{"self":[{"href":"https:\/\/dev.caveducep.ch\/de\/wp-json\/wp\/v2\/pages\/1280","targetHints":{"allow":["GET"]}}],"collection":[{"href":"https:\/\/dev.caveducep.ch\/de\/wp-json\/wp\/v2\/pages"}],"about":[{"href":"https:\/\/dev.caveducep.ch\/de\/wp-json\/wp\/v2\/types\/page"}],"author":[{"embeddable":true,"href":"https:\/\/dev.caveducep.ch\/de\/wp-json\/wp\/v2\/users\/1"}],"replies":[{"embeddable":true,"href":"https:\/\/dev.caveducep.ch\/de\/wp-json\/wp\/v2\/comments?post=1280"}],"version-history":[{"count":5,"href":"https:\/\/dev.caveducep.ch\/de\/wp-json\/wp\/v2\/pages\/1280\/revisions"}],"predecessor-version":[{"id":1285,"href":"https:\/\/dev.caveducep.ch\/de\/wp-json\/wp\/v2\/pages\/1280\/revisions\/1285"}],"wp:attachment":[{"href":"https:\/\/dev.caveducep.ch\/de\/wp-json\/wp\/v2\/media?parent=1280"}],"curies":[{"name":"wp","href":"https:\/\/api.w.org\/{rel}","templated":true}]}}